{"id":898,"date":"2024-08-26T12:52:08","date_gmt":"2024-08-26T10:52:08","guid":{"rendered":"https:\/\/sambach.art\/qui-som\/"},"modified":"2025-01-28T22:07:42","modified_gmt":"2025-01-28T21:07:42","slug":"qui-som","status":"publish","type":"page","link":"https:\/\/sambach.art\/ca\/qui-som\/","title":{"rendered":"Qui som"},"content":{"rendered":"\t\t<div data-elementor-type=\"wp-page\" data-elementor-id=\"898\" class=\"elementor elementor-898 elementor-39\" data-elementor-post-type=\"page\">\n\t\t\t\t<div class=\"elementor-element elementor-element-47a8853c e-con-full e-flex e-con e-parent\" data-id=\"47a8853c\" data-element_type=\"container\">\n\t\t<div class=\"elementor-element elementor-element-c8b73c1 e-flex e-con-boxed e-con e-child\" data-id=\"c8b73c1\" data-element_type=\"container\">\n\t\t\t\t\t<div class=\"e-con-inner\">\n\t\t<div class=\"elementor-element elementor-element-6b74bdb e-con-full e-flex e-con e-child\" data-id=\"6b74bdb\" data-element_type=\"container\">\n\t\t<div class=\"elementor-element elementor-element-3ba02ee e-con-full e-flex e-con e-child\" data-id=\"3ba02ee\" data-element_type=\"container\">\n\t\t\t\t<div class=\"elementor-element elementor-element-ebd7fa4 elementor-align-center elementor-widget elementor-widget-breadcrumbs\" data-id=\"ebd7fa4\" data-element_type=\"widget\" data-widget_type=\"breadcrumbs.default\">\n\t\t\t\t<div class=\"elementor-widget-container\">\n\t\t\t\t\t<p id=\"breadcrumbs\"><span><span><a href=\"https:\/\/sambach.art\/\">Portada<\/a><\/span><\/span><\/p>\t\t\t\t<\/div>\n\t\t\t\t<\/div>\n\t\t\t\t<div class=\"elementor-element elementor-element-6da61ee elementor-invisible elementor-widget elementor-widget-heading\" data-id=\"6da61ee\" data-element_type=\"widget\" data-settings=\"{&quot;_animation&quot;:&quot;fadeIn&quot;}\" data-widget_type=\"heading.default\">\n\t\t\t\t<div class=\"elementor-widget-container\">\n\t\t\t\t\t<h1 class=\"elementor-heading-title elementor-size-default\">Qui som <\/h1>\t\t\t\t<\/div>\n\t\t\t\t<\/div>\n\t\t\t\t<\/div>\n\t\t\t\t<\/div>\n\t\t\t\t\t<\/div>\n\t\t\t\t<\/div>\n\t\t\t\t<\/div>\n\t\t<div class=\"elementor-element elementor-element-243b162b e-con-full e-flex e-con e-parent\" data-id=\"243b162b\" data-element_type=\"container\">\n\t\t<div class=\"elementor-element elementor-element-46fd6c19 e-con-full e-flex e-con e-child\" data-id=\"46fd6c19\" data-element_type=\"container\">\n\t\t\t\t<div class=\"elementor-element elementor-element-642346c5 elementor-widget elementor-widget-heading\" data-id=\"642346c5\" data-element_type=\"widget\" aria-hidden=\"\" data-widget_type=\"heading.default\">\n\t\t\t\t<div class=\"elementor-widget-container\">\n\t\t\t\t\t<h2 class=\"elementor-heading-title elementor-size-default\">SAMBACH<\/h2>\t\t\t\t<\/div>\n\t\t\t\t<\/div>\n\t\t\t\t<div class=\"elementor-element elementor-element-14575f6a elementor-widget__width-initial elementor-widget-mobile__width-inherit elementor-widget elementor-widget-text-editor\" data-id=\"14575f6a\" data-element_type=\"widget\" data-widget_type=\"text-editor.default\">\n\t\t\t\t<div class=\"elementor-widget-container\">\n\t\t\t\t\t\t\t\t\t<p>Som una companyia generadora d\u2019espectacles interdisciplinaris amb la m\u00fasica al centre.<\/p><p>El nostre punt de partida \u00e9s la fusi\u00f3 del folklore brasiler amb l\u2019obra de Johann Sebastian Bach.<\/p><p data-pm-slice=\"1 1 []\">Aqu\u00ed tens els nostres principis, els estimem molt, ens fan \u00fanics i sense ells no ser\u00edem qui som.<\/p>\t\t\t\t\t\t\t\t<\/div>\n\t\t\t\t<\/div>\n\t\t\t\t<\/div>\n\t\t<div class=\"elementor-element elementor-element-396b53b e-con-full e-flex e-con e-child\" data-id=\"396b53b\" data-element_type=\"container\">\n\t\t\t\t<div class=\"elementor-element elementor-element-d026ee6 elementor-widget elementor-widget-image\" data-id=\"d026ee6\" data-element_type=\"widget\" data-widget_type=\"image.default\">\n\t\t\t\t<div class=\"elementor-widget-container\">\n\t\t\t\t\t\t\t\t\t\t\t\t\t\t\t<img decoding=\"async\" src=\"https:\/\/sambach.art\/wp-content\/uploads\/2024\/10\/sambach_compania-espectaculos-conciertos_musica-fusion-folclore-brasileno-bach_barcelona-espana_logo_v2.jpg\" title=\"sambach_compania-espectaculos-conciertos_musica-fusion-folclore-brasileno-bach_barcelona-espana_logo_v2\" alt=\"Foto de nuestro espect\u00e1culo A l\u2019altra banda del mar, en nuestro preestreno en el Gran Teatre del Liceu de Barcelona. Aparecen de izquierda a derecha Pol, tocando el piano vestido con una camisa blanca y su pie de micro al lado y, a la derecha, Carol cantando, va vestida con pantalones negros y camisa rojo burdeos. La luz incide sobre ellos de una manera puntual, pues el fondo es negro y no podemos ver qu\u00e9 tienen detr\u00e1s.\" loading=\"lazy\" \/>\t\t\t\t\t\t\t\t\t\t\t\t\t\t\t<\/div>\n\t\t\t\t<\/div>\n\t\t\t\t<\/div>\n\t\t\t\t<\/div>\n\t\t<div class=\"elementor-element elementor-element-f8439eb e-grid e-con-boxed e-con e-parent\" data-id=\"f8439eb\" data-element_type=\"container\">\n\t\t\t\t\t<div class=\"e-con-inner\">\n\t\t\t\t<div class=\"elementor-element elementor-element-4377670 elementor-widget elementor-widget-image\" data-id=\"4377670\" data-element_type=\"widget\" data-widget_type=\"image.default\">\n\t\t\t\t<div class=\"elementor-widget-container\">\n\t\t\t\t\t\t\t\t\t\t\t\t\t\t\t<img fetchpriority=\"high\" decoding=\"async\" width=\"783\" height=\"206\" src=\"https:\/\/sambach.art\/wp-content\/uploads\/2024\/10\/mandamiento1-1.jpg\" class=\"attachment-large size-large wp-image-1119\" alt=\"01. Creiem en l\u2019art com una eina per a la transformaci\u00f3 del pensament col\u00b7lectiu, els nostres espectacles nom\u00e9s tenen sentit si arriben a l\u2019\u00e0nima de qui ens visqui.\" srcset=\"https:\/\/sambach.art\/wp-content\/uploads\/2024\/10\/mandamiento1-1.jpg 783w, https:\/\/sambach.art\/wp-content\/uploads\/2024\/10\/mandamiento1-1-300x79.jpg 300w, https:\/\/sambach.art\/wp-content\/uploads\/2024\/10\/mandamiento1-1-768x202.jpg 768w\" sizes=\"(max-width: 783px) 100vw, 783px\" \/>\t\t\t\t\t\t\t\t\t\t\t\t\t\t\t<\/div>\n\t\t\t\t<\/div>\n\t\t\t\t<div class=\"elementor-element elementor-element-33efe23 elementor-widget elementor-widget-image\" data-id=\"33efe23\" data-element_type=\"widget\" alt=\"02. Creiem en l&#039;experi\u00e8ncia com a motor del canvi, per aix\u00f2 ens valem de tots els llenguatges art\u00edstics i de tots els sentits, perqu\u00e8 els nostres missatges i espectacles siguin n\u00edtids i reveladors.\" data-widget_type=\"image.default\">\n\t\t\t\t<div class=\"elementor-widget-container\">\n\t\t\t\t\t\t\t\t\t\t\t\t\t\t\t<img decoding=\"async\" width=\"782\" height=\"206\" src=\"https:\/\/sambach.art\/wp-content\/uploads\/2024\/10\/mandamiento2-1.jpg\" class=\"attachment-large size-large wp-image-1113\" alt=\"02. Creiem en l&#039;experi\u00e8ncia com a motor del canvi, per aix\u00f2 ens valem de tots els llenguatges art\u00edstics i de tots els sentits, perqu\u00e8 els nostres missatges i espectacles siguin n\u00edtids i reveladors.\" srcset=\"https:\/\/sambach.art\/wp-content\/uploads\/2024\/10\/mandamiento2-1.jpg 782w, https:\/\/sambach.art\/wp-content\/uploads\/2024\/10\/mandamiento2-1-300x79.jpg 300w, https:\/\/sambach.art\/wp-content\/uploads\/2024\/10\/mandamiento2-1-768x202.jpg 768w\" sizes=\"(max-width: 782px) 100vw, 782px\" \/>\t\t\t\t\t\t\t\t\t\t\t\t\t\t\t<\/div>\n\t\t\t\t<\/div>\n\t\t\t\t\t<\/div>\n\t\t\t\t<\/div>\n\t\t<div class=\"elementor-element elementor-element-4120f0c e-grid e-con-boxed e-con e-parent\" data-id=\"4120f0c\" data-element_type=\"container\">\n\t\t\t\t\t<div class=\"e-con-inner\">\n\t\t\t\t<div class=\"elementor-element elementor-element-64c174f elementor-widget elementor-widget-image\" data-id=\"64c174f\" data-element_type=\"widget\" alt=\"03. Creiem en la catarsi a trav\u00e9s del plaer, per aix\u00f2 som provocador@s a trav\u00e9s de la bellesa est\u00e8tica i l&#039;humor.\" data-widget_type=\"image.default\">\n\t\t\t\t<div class=\"elementor-widget-container\">\n\t\t\t\t\t\t\t\t\t\t\t\t\t\t\t<img decoding=\"async\" width=\"783\" height=\"206\" src=\"https:\/\/sambach.art\/wp-content\/uploads\/2024\/10\/mandamiento3-1.jpg\" class=\"attachment-large size-large wp-image-1116\" alt=\"03. Creiem en la catarsi a trav\u00e9s del plaer, per aix\u00f2 som provocador@s a trav\u00e9s de la bellesa est\u00e8tica i l&#039;humor.\" srcset=\"https:\/\/sambach.art\/wp-content\/uploads\/2024\/10\/mandamiento3-1.jpg 783w, https:\/\/sambach.art\/wp-content\/uploads\/2024\/10\/mandamiento3-1-300x79.jpg 300w, https:\/\/sambach.art\/wp-content\/uploads\/2024\/10\/mandamiento3-1-768x202.jpg 768w\" sizes=\"(max-width: 783px) 100vw, 783px\" \/>\t\t\t\t\t\t\t\t\t\t\t\t\t\t\t<\/div>\n\t\t\t\t<\/div>\n\t\t\t\t<div class=\"elementor-element elementor-element-c6651f6 elementor-widget elementor-widget-image\" data-id=\"c6651f6\" data-element_type=\"widget\" alt=\"04. Som pol\u00edticament incorrect@s i socialment responsables, per aix\u00f2 ens agrada visibilitzar tot all\u00f2 que mentre ens incomoda ens fa cr\u00e9ixer.\" data-widget_type=\"image.default\">\n\t\t\t\t<div class=\"elementor-widget-container\">\n\t\t\t\t\t\t\t\t\t\t\t\t\t\t\t<img loading=\"lazy\" decoding=\"async\" width=\"782\" height=\"206\" src=\"https:\/\/sambach.art\/wp-content\/uploads\/2024\/10\/mandamiento4-1.jpg\" class=\"attachment-large size-large wp-image-1122\" alt=\"04. Som pol\u00edticament incorrect@s i socialment responsables, per aix\u00f2 ens agrada visibilitzar tot all\u00f2 que mentre ens incomoda ens fa cr\u00e9ixer.\" srcset=\"https:\/\/sambach.art\/wp-content\/uploads\/2024\/10\/mandamiento4-1.jpg 782w, https:\/\/sambach.art\/wp-content\/uploads\/2024\/10\/mandamiento4-1-300x79.jpg 300w, https:\/\/sambach.art\/wp-content\/uploads\/2024\/10\/mandamiento4-1-768x202.jpg 768w\" sizes=\"(max-width: 782px) 100vw, 782px\" \/>\t\t\t\t\t\t\t\t\t\t\t\t\t\t\t<\/div>\n\t\t\t\t<\/div>\n\t\t\t\t\t<\/div>\n\t\t\t\t<\/div>\n\t\t<div class=\"elementor-element elementor-element-31e5b24 e-grid e-con-boxed e-con e-parent\" data-id=\"31e5b24\" data-element_type=\"container\">\n\t\t\t\t\t<div class=\"e-con-inner\">\n\t\t\t\t<div class=\"elementor-element elementor-element-0d1aa5b elementor-widget elementor-widget-image\" data-id=\"0d1aa5b\" data-element_type=\"widget\" alt=\"05. Ens encanta el coneixement profund, no parlem de res que no ens sembli important i sobre el qual no ens h\u00e0gim fet preguntes.\" data-widget_type=\"image.default\">\n\t\t\t\t<div class=\"elementor-widget-container\">\n\t\t\t\t\t\t\t\t\t\t\t\t\t\t\t<img loading=\"lazy\" decoding=\"async\" width=\"783\" height=\"206\" src=\"https:\/\/sambach.art\/wp-content\/uploads\/2024\/10\/mandamiento5-1.jpg\" class=\"attachment-large size-large wp-image-1125\" alt=\"05. Ens encanta el coneixement profund, no parlem de res que no ens sembli important i sobre el qual no ens h\u00e0gim fet preguntes.\" srcset=\"https:\/\/sambach.art\/wp-content\/uploads\/2024\/10\/mandamiento5-1.jpg 783w, https:\/\/sambach.art\/wp-content\/uploads\/2024\/10\/mandamiento5-1-300x79.jpg 300w, https:\/\/sambach.art\/wp-content\/uploads\/2024\/10\/mandamiento5-1-768x202.jpg 768w\" sizes=\"(max-width: 783px) 100vw, 783px\" \/>\t\t\t\t\t\t\t\t\t\t\t\t\t\t\t<\/div>\n\t\t\t\t<\/div>\n\t\t\t\t<div class=\"elementor-element elementor-element-0fa17d6 elementor-widget elementor-widget-image\" data-id=\"0fa17d6\" data-element_type=\"widget\" alt=\"06. Nom\u00e9s treballem amb art d&#039;alta qualitat, per aix\u00f2 acumulem talent amb criteris clars i experi\u00e8nces \u00faniques que fan del nostre equip una sola \u00e0nima que crea conjuntament.\" data-widget_type=\"image.default\">\n\t\t\t\t<div class=\"elementor-widget-container\">\n\t\t\t\t\t\t\t\t\t\t\t\t\t\t\t<img loading=\"lazy\" decoding=\"async\" width=\"782\" height=\"206\" src=\"https:\/\/sambach.art\/wp-content\/uploads\/2024\/10\/mandamiento6-1.jpg\" class=\"attachment-large size-large wp-image-1131\" alt=\"06. Nom\u00e9s treballem amb art d&#039;alta qualitat, per aix\u00f2 acumulem talent amb criteris clars i experi\u00e8nces \u00faniques que fan del nostre equip una sola \u00e0nima que crea conjuntament.\" srcset=\"https:\/\/sambach.art\/wp-content\/uploads\/2024\/10\/mandamiento6-1.jpg 782w, https:\/\/sambach.art\/wp-content\/uploads\/2024\/10\/mandamiento6-1-300x79.jpg 300w, https:\/\/sambach.art\/wp-content\/uploads\/2024\/10\/mandamiento6-1-768x202.jpg 768w\" sizes=\"(max-width: 782px) 100vw, 782px\" \/>\t\t\t\t\t\t\t\t\t\t\t\t\t\t\t<\/div>\n\t\t\t\t<\/div>\n\t\t\t\t\t<\/div>\n\t\t\t\t<\/div>\n\t\t<div class=\"elementor-element elementor-element-eb3839d e-grid e-con-boxed e-con e-parent\" data-id=\"eb3839d\" data-element_type=\"container\">\n\t\t\t\t\t<div class=\"e-con-inner\">\n\t\t\t\t<div class=\"elementor-element elementor-element-2b5eda3 elementor-widget elementor-widget-image\" data-id=\"2b5eda3\" data-element_type=\"widget\" alt=\"07. Creiem en la innovaci\u00f3, en ser precis@s i disruptiu@s cada vegada que pugem a l&#039;escenari.\" data-widget_type=\"image.default\">\n\t\t\t\t<div class=\"elementor-widget-container\">\n\t\t\t\t\t\t\t\t\t\t\t\t\t\t\t<img loading=\"lazy\" decoding=\"async\" width=\"783\" height=\"206\" src=\"https:\/\/sambach.art\/wp-content\/uploads\/2024\/10\/mandamiento7-1.jpg\" class=\"attachment-large size-large wp-image-1128\" alt=\"07. Creiem en la innovaci\u00f3, en ser precis\" srcset=\"https:\/\/sambach.art\/wp-content\/uploads\/2024\/10\/mandamiento7-1.jpg 783w, https:\/\/sambach.art\/wp-content\/uploads\/2024\/10\/mandamiento7-1-300x79.jpg 300w, https:\/\/sambach.art\/wp-content\/uploads\/2024\/10\/mandamiento7-1-768x202.jpg 768w\" sizes=\"(max-width: 783px) 100vw, 783px\" \/>\t\t\t\t\t\t\t\t\t\t\t\t\t\t\t<\/div>\n\t\t\t\t<\/div>\n\t\t\t\t<div class=\"elementor-element elementor-element-b4ea099 elementor-widget elementor-widget-image\" data-id=\"b4ea099\" data-element_type=\"widget\" alt=\"08. Som valent@s, creiem que la nostra responsabilitat \u00e9s estar sempre una passa fora de la nostra zona de confort.\" data-widget_type=\"image.default\">\n\t\t\t\t<div class=\"elementor-widget-container\">\n\t\t\t\t\t\t\t\t\t\t\t\t\t\t\t<img loading=\"lazy\" decoding=\"async\" width=\"782\" height=\"206\" src=\"https:\/\/sambach.art\/wp-content\/uploads\/2024\/10\/mandamiento8-1.jpg\" class=\"attachment-large size-large wp-image-1107\" alt=\"08. Som valent@s, creiem que la nostra responsabilitat \u00e9s estar sempre una passa fora de la nostra zona de confort.\" srcset=\"https:\/\/sambach.art\/wp-content\/uploads\/2024\/10\/mandamiento8-1.jpg 782w, https:\/\/sambach.art\/wp-content\/uploads\/2024\/10\/mandamiento8-1-300x79.jpg 300w, https:\/\/sambach.art\/wp-content\/uploads\/2024\/10\/mandamiento8-1-768x202.jpg 768w\" sizes=\"(max-width: 782px) 100vw, 782px\" \/>\t\t\t\t\t\t\t\t\t\t\t\t\t\t\t<\/div>\n\t\t\t\t<\/div>\n\t\t\t\t\t<\/div>\n\t\t\t\t<\/div>\n\t\t<div class=\"elementor-element elementor-element-376fc4d e-grid e-con-boxed e-con e-parent\" data-id=\"376fc4d\" data-element_type=\"container\">\n\t\t\t\t\t<div class=\"e-con-inner\">\n\t\t\t\t<div class=\"elementor-element elementor-element-0a1ef94 elementor-widget elementor-widget-image\" data-id=\"0a1ef94\" data-element_type=\"widget\" alt=\"09. La diversitat ens alimenta, per aix\u00f2 fem que estigui present en tots el nostres espectacles, tant a l&#039;escenari com entre bambolines.\" data-widget_type=\"image.default\">\n\t\t\t\t<div class=\"elementor-widget-container\">\n\t\t\t\t\t\t\t\t\t\t\t\t\t\t\t<img loading=\"lazy\" decoding=\"async\" width=\"783\" height=\"206\" src=\"https:\/\/sambach.art\/wp-content\/uploads\/2024\/10\/mandamiento9-1.jpg\" class=\"attachment-large size-large wp-image-1110\" alt=\"09. La diversitat ens alimenta, per aix\u00f2 fem que estigui present en tots el nostres espectacles, tant a l&#039;escenari com entre bambolines.\" srcset=\"https:\/\/sambach.art\/wp-content\/uploads\/2024\/10\/mandamiento9-1.jpg 783w, https:\/\/sambach.art\/wp-content\/uploads\/2024\/10\/mandamiento9-1-300x79.jpg 300w, https:\/\/sambach.art\/wp-content\/uploads\/2024\/10\/mandamiento9-1-768x202.jpg 768w\" sizes=\"(max-width: 783px) 100vw, 783px\" \/>\t\t\t\t\t\t\t\t\t\t\t\t\t\t\t<\/div>\n\t\t\t\t<\/div>\n\t\t\t\t<div class=\"elementor-element elementor-element-ee76e9d elementor-widget elementor-widget-image\" data-id=\"ee76e9d\" data-element_type=\"widget\" alt=\"10. Creiem en un art abundant i socialment comprom\u00e8s, per aix\u00f2 totes les nostres aliances empresarials parteixen d&#039;aquesta m\u00e0xima.\" data-widget_type=\"image.default\">\n\t\t\t\t<div class=\"elementor-widget-container\">\n\t\t\t\t\t\t\t\t\t\t\t\t\t\t\t<img loading=\"lazy\" decoding=\"async\" width=\"782\" height=\"206\" src=\"https:\/\/sambach.art\/wp-content\/uploads\/2024\/10\/mandamiento10-1.jpg\" class=\"attachment-large size-large wp-image-1104\" alt=\"10. Creiem en un art abundant i socialment comprom\u00e8s, per aix\u00f2 totes les nostres aliances empresarials parteixen d&#039;aquesta m\u00e0xima.\" srcset=\"https:\/\/sambach.art\/wp-content\/uploads\/2024\/10\/mandamiento10-1.jpg 782w, https:\/\/sambach.art\/wp-content\/uploads\/2024\/10\/mandamiento10-1-300x79.jpg 300w, https:\/\/sambach.art\/wp-content\/uploads\/2024\/10\/mandamiento10-1-768x202.jpg 768w\" sizes=\"(max-width: 782px) 100vw, 782px\" \/>\t\t\t\t\t\t\t\t\t\t\t\t\t\t\t<\/div>\n\t\t\t\t<\/div>\n\t\t\t\t\t<\/div>\n\t\t\t\t<\/div>\n\t\t\t\t<\/div>\n\t\t","protected":false},"excerpt":{"rendered":"<p>Qui som SAMBACH Som una companyia generadora d\u2019espectacles interdisciplinaris amb la m\u00fasica al centre. El nostre punt de partida \u00e9s la fusi\u00f3 del folklore brasiler amb l\u2019obra de Johann Sebastian Bach. Aqu\u00ed tens els nostres principis, els estimem molt, ens fan \u00fanics i sense ells no ser\u00edem qui som.<\/p>\n","protected":false},"author":1,"featured_media":0,"parent":0,"menu_order":0,"comment_status":"closed","ping_status":"closed","template":"elementor_header_footer","meta":{"footnotes":""},"class_list":["post-898","page","type-page","status-publish","hentry"],"yoast_head":"<!-- This site is optimized with the Yoast SEO plugin v25.9 - https:\/\/yoast.com\/wordpress\/plugins\/seo\/ -->\n<title>Qui som - Sambach<\/title>\n<meta name=\"robots\" content=\"index, follow, max-snippet:-1, max-image-preview:large, max-video-preview:-1\" \/>\n<link rel=\"canonical\" href=\"https:\/\/sambach.art\/ca\/qui-som\/\" \/>\n<meta property=\"og:locale\" content=\"ca_ES\" \/>\n<meta property=\"og:type\" content=\"article\" \/>\n<meta property=\"og:title\" content=\"Qui som - Sambach\" \/>\n<meta property=\"og:description\" content=\"Qui som SAMBACH Som una companyia generadora d\u2019espectacles interdisciplinaris amb la m\u00fasica al centre. El nostre punt de partida \u00e9s la fusi\u00f3 del folklore brasiler amb l\u2019obra de Johann Sebastian Bach. Aqu\u00ed tens els nostres principis, els estimem molt, ens fan \u00fanics i sense ells no ser\u00edem qui som.\" \/>\n<meta property=\"og:url\" content=\"https:\/\/sambach.art\/ca\/qui-som\/\" \/>\n<meta property=\"og:site_name\" content=\"Sambach\" \/>\n<meta property=\"article:publisher\" content=\"https:\/\/www.facebook.com\/sambachritual\/?locale=es_ES\" \/>\n<meta property=\"article:modified_time\" content=\"2025-01-28T21:07:42+00:00\" \/>\n<meta property=\"og:image\" content=\"https:\/\/sambach.art\/wp-content\/uploads\/2024\/10\/sambach_compania-espectaculos-conciertos_musica-fusion-folclore-brasileno-bach_barcelona-espana_logo_v2.jpg\" \/>\n<meta name=\"twitter:card\" content=\"summary_large_image\" \/>\n<meta name=\"twitter:label1\" content=\"Temps estimat de lectura\" \/>\n\t<meta name=\"twitter:data1\" content=\"3 minuts\" \/>\n<script type=\"application\/ld+json\" class=\"yoast-schema-graph\">{\"@context\":\"https:\/\/schema.org\",\"@graph\":[{\"@type\":\"WebPage\",\"@id\":\"https:\/\/sambach.art\/ca\/qui-som\/\",\"url\":\"https:\/\/sambach.art\/ca\/qui-som\/\",\"name\":\"Qui som - Sambach\",\"isPartOf\":{\"@id\":\"https:\/\/sambach.art\/#website\"},\"primaryImageOfPage\":{\"@id\":\"https:\/\/sambach.art\/ca\/qui-som\/#primaryimage\"},\"image\":{\"@id\":\"https:\/\/sambach.art\/ca\/qui-som\/#primaryimage\"},\"thumbnailUrl\":\"https:\/\/sambach.art\/wp-content\/uploads\/2024\/10\/sambach_compania-espectaculos-conciertos_musica-fusion-folclore-brasileno-bach_barcelona-espana_logo_v2.jpg\",\"datePublished\":\"2024-08-26T10:52:08+00:00\",\"dateModified\":\"2025-01-28T21:07:42+00:00\",\"breadcrumb\":{\"@id\":\"https:\/\/sambach.art\/ca\/qui-som\/#breadcrumb\"},\"inLanguage\":\"ca\",\"potentialAction\":[{\"@type\":\"ReadAction\",\"target\":[\"https:\/\/sambach.art\/ca\/qui-som\/\"]}]},{\"@type\":\"ImageObject\",\"inLanguage\":\"ca\",\"@id\":\"https:\/\/sambach.art\/ca\/qui-som\/#primaryimage\",\"url\":\"https:\/\/sambach.art\/wp-content\/uploads\/2024\/10\/sambach_compania-espectaculos-conciertos_musica-fusion-folclore-brasileno-bach_barcelona-espana_logo_v2.jpg\",\"contentUrl\":\"https:\/\/sambach.art\/wp-content\/uploads\/2024\/10\/sambach_compania-espectaculos-conciertos_musica-fusion-folclore-brasileno-bach_barcelona-espana_logo_v2.jpg\"},{\"@type\":\"BreadcrumbList\",\"@id\":\"https:\/\/sambach.art\/ca\/qui-som\/#breadcrumb\",\"itemListElement\":[{\"@type\":\"ListItem\",\"position\":1,\"name\":\"Portada\",\"item\":\"https:\/\/sambach.art\/\"},{\"@type\":\"ListItem\",\"position\":2,\"name\":\"Qui som\"}]},{\"@type\":\"WebSite\",\"@id\":\"https:\/\/sambach.art\/#website\",\"url\":\"https:\/\/sambach.art\/\",\"name\":\"Sambach\",\"description\":\"Generamos espect\u00e1culos multisensoriales fusionando el folclore brasilero y Bach\",\"publisher\":{\"@id\":\"https:\/\/sambach.art\/#organization\"},\"potentialAction\":[{\"@type\":\"SearchAction\",\"target\":{\"@type\":\"EntryPoint\",\"urlTemplate\":\"https:\/\/sambach.art\/?s={search_term_string}\"},\"query-input\":{\"@type\":\"PropertyValueSpecification\",\"valueRequired\":true,\"valueName\":\"search_term_string\"}}],\"inLanguage\":\"ca\"},{\"@type\":\"Organization\",\"@id\":\"https:\/\/sambach.art\/#organization\",\"name\":\"Sambach\",\"url\":\"https:\/\/sambach.art\/\",\"logo\":{\"@type\":\"ImageObject\",\"inLanguage\":\"ca\",\"@id\":\"https:\/\/sambach.art\/#\/schema\/logo\/image\/\",\"url\":\"https:\/\/sambach.art\/wp-content\/uploads\/2024\/08\/sambach_compania-espectaculos-conciertos_musica-fusion-folclore-brasileno-bach_barcelona-espana_logo.png\",\"contentUrl\":\"https:\/\/sambach.art\/wp-content\/uploads\/2024\/08\/sambach_compania-espectaculos-conciertos_musica-fusion-folclore-brasileno-bach_barcelona-espana_logo.png\",\"width\":1080,\"height\":1080,\"caption\":\"Sambach\"},\"image\":{\"@id\":\"https:\/\/sambach.art\/#\/schema\/logo\/image\/\"},\"sameAs\":[\"https:\/\/www.facebook.com\/sambachritual\/?locale=es_ES\"]}]}<\/script>\n<!-- \/ Yoast SEO plugin. -->","yoast_head_json":{"title":"Qui som - Sambach","robots":{"index":"index","follow":"follow","max-snippet":"max-snippet:-1","max-image-preview":"max-image-preview:large","max-video-preview":"max-video-preview:-1"},"canonical":"https:\/\/sambach.art\/ca\/qui-som\/","og_locale":"ca_ES","og_type":"article","og_title":"Qui som - Sambach","og_description":"Qui som SAMBACH Som una companyia generadora d\u2019espectacles interdisciplinaris amb la m\u00fasica al centre. El nostre punt de partida \u00e9s la fusi\u00f3 del folklore brasiler amb l\u2019obra de Johann Sebastian Bach. Aqu\u00ed tens els nostres principis, els estimem molt, ens fan \u00fanics i sense ells no ser\u00edem qui som.","og_url":"https:\/\/sambach.art\/ca\/qui-som\/","og_site_name":"Sambach","article_publisher":"https:\/\/www.facebook.com\/sambachritual\/?locale=es_ES","article_modified_time":"2025-01-28T21:07:42+00:00","og_image":[{"url":"https:\/\/sambach.art\/wp-content\/uploads\/2024\/10\/sambach_compania-espectaculos-conciertos_musica-fusion-folclore-brasileno-bach_barcelona-espana_logo_v2.jpg","type":"","width":"","height":""}],"twitter_card":"summary_large_image","twitter_misc":{"Temps estimat de lectura":"3 minuts"},"schema":{"@context":"https:\/\/schema.org","@graph":[{"@type":"WebPage","@id":"https:\/\/sambach.art\/ca\/qui-som\/","url":"https:\/\/sambach.art\/ca\/qui-som\/","name":"Qui som - Sambach","isPartOf":{"@id":"https:\/\/sambach.art\/#website"},"primaryImageOfPage":{"@id":"https:\/\/sambach.art\/ca\/qui-som\/#primaryimage"},"image":{"@id":"https:\/\/sambach.art\/ca\/qui-som\/#primaryimage"},"thumbnailUrl":"https:\/\/sambach.art\/wp-content\/uploads\/2024\/10\/sambach_compania-espectaculos-conciertos_musica-fusion-folclore-brasileno-bach_barcelona-espana_logo_v2.jpg","datePublished":"2024-08-26T10:52:08+00:00","dateModified":"2025-01-28T21:07:42+00:00","breadcrumb":{"@id":"https:\/\/sambach.art\/ca\/qui-som\/#breadcrumb"},"inLanguage":"ca","potentialAction":[{"@type":"ReadAction","target":["https:\/\/sambach.art\/ca\/qui-som\/"]}]},{"@type":"ImageObject","inLanguage":"ca","@id":"https:\/\/sambach.art\/ca\/qui-som\/#primaryimage","url":"https:\/\/sambach.art\/wp-content\/uploads\/2024\/10\/sambach_compania-espectaculos-conciertos_musica-fusion-folclore-brasileno-bach_barcelona-espana_logo_v2.jpg","contentUrl":"https:\/\/sambach.art\/wp-content\/uploads\/2024\/10\/sambach_compania-espectaculos-conciertos_musica-fusion-folclore-brasileno-bach_barcelona-espana_logo_v2.jpg"},{"@type":"BreadcrumbList","@id":"https:\/\/sambach.art\/ca\/qui-som\/#breadcrumb","itemListElement":[{"@type":"ListItem","position":1,"name":"Portada","item":"https:\/\/sambach.art\/"},{"@type":"ListItem","position":2,"name":"Qui som"}]},{"@type":"WebSite","@id":"https:\/\/sambach.art\/#website","url":"https:\/\/sambach.art\/","name":"Sambach","description":"Generamos espect\u00e1culos multisensoriales fusionando el folclore brasilero y Bach","publisher":{"@id":"https:\/\/sambach.art\/#organization"},"potentialAction":[{"@type":"SearchAction","target":{"@type":"EntryPoint","urlTemplate":"https:\/\/sambach.art\/?s={search_term_string}"},"query-input":{"@type":"PropertyValueSpecification","valueRequired":true,"valueName":"search_term_string"}}],"inLanguage":"ca"},{"@type":"Organization","@id":"https:\/\/sambach.art\/#organization","name":"Sambach","url":"https:\/\/sambach.art\/","logo":{"@type":"ImageObject","inLanguage":"ca","@id":"https:\/\/sambach.art\/#\/schema\/logo\/image\/","url":"https:\/\/sambach.art\/wp-content\/uploads\/2024\/08\/sambach_compania-espectaculos-conciertos_musica-fusion-folclore-brasileno-bach_barcelona-espana_logo.png","contentUrl":"https:\/\/sambach.art\/wp-content\/uploads\/2024\/08\/sambach_compania-espectaculos-conciertos_musica-fusion-folclore-brasileno-bach_barcelona-espana_logo.png","width":1080,"height":1080,"caption":"Sambach"},"image":{"@id":"https:\/\/sambach.art\/#\/schema\/logo\/image\/"},"sameAs":["https:\/\/www.facebook.com\/sambachritual\/?locale=es_ES"]}]}},"_links":{"self":[{"href":"https:\/\/sambach.art\/ca\/wp-json\/wp\/v2\/pages\/898","targetHints":{"allow":["GET"]}}],"collection":[{"href":"https:\/\/sambach.art\/ca\/wp-json\/wp\/v2\/pages"}],"about":[{"href":"https:\/\/sambach.art\/ca\/wp-json\/wp\/v2\/types\/page"}],"author":[{"embeddable":true,"href":"https:\/\/sambach.art\/ca\/wp-json\/wp\/v2\/users\/1"}],"replies":[{"embeddable":true,"href":"https:\/\/sambach.art\/ca\/wp-json\/wp\/v2\/comments?post=898"}],"version-history":[{"count":34,"href":"https:\/\/sambach.art\/ca\/wp-json\/wp\/v2\/pages\/898\/revisions"}],"predecessor-version":[{"id":1720,"href":"https:\/\/sambach.art\/ca\/wp-json\/wp\/v2\/pages\/898\/revisions\/1720"}],"wp:attachment":[{"href":"https:\/\/sambach.art\/ca\/wp-json\/wp\/v2\/media?parent=898"}],"curies":[{"name":"wp","href":"https:\/\/api.w.org\/{rel}","templated":true}]}}