{"id":1450,"date":"2025-02-26T12:33:09","date_gmt":"2025-02-26T11:33:09","guid":{"rendered":"https:\/\/sambach.art\/?page_id=1450"},"modified":"2025-04-25T16:36:04","modified_gmt":"2025-04-25T14:36:04","slug":"home-2","status":"publish","type":"page","link":"https:\/\/sambach.art\/en\/home-2\/","title":{"rendered":"Home"},"content":{"rendered":"\t\t<div data-elementor-type=\"wp-page\" data-elementor-id=\"1450\" class=\"elementor elementor-1450 elementor-1448\" data-elementor-post-type=\"page\">\n\t\t\t\t<div class=\"elementor-element elementor-element-d5cfde3 e-flex e-con-boxed e-con e-parent\" data-id=\"d5cfde3\" data-element_type=\"container\" data-settings=\"{&quot;background_background&quot;:&quot;classic&quot;}\">\n\t\t\t\t\t<div class=\"e-con-inner\">\n\t\t\t\t<div class=\"elementor-element elementor-element-b7f5dd3 elementor-align-center elementor-widget elementor-widget-breadcrumbs\" data-id=\"b7f5dd3\" data-element_type=\"widget\" data-widget_type=\"breadcrumbs.default\">\n\t\t\t\t<div class=\"elementor-widget-container\">\n\t\t\t\t\t<p id=\"breadcrumbs\"><span><span><a href=\"https:\/\/sambach.art\/en\/home\/\">Portada<\/a><\/span><\/span><\/p>\t\t\t\t<\/div>\n\t\t\t\t<\/div>\n\t\t\t\t<div class=\"elementor-element elementor-element-3ecd55be elementor-invisible elementor-widget elementor-widget-heading\" data-id=\"3ecd55be\" data-element_type=\"widget\" data-settings=\"{&quot;_animation&quot;:&quot;fadeIn&quot;}\" data-widget_type=\"heading.default\">\n\t\t\t\t<div class=\"elementor-widget-container\">\n\t\t\t\t\t<h1 class=\"elementor-heading-title elementor-size-default\">SAMBACH<\/h1>\t\t\t\t<\/div>\n\t\t\t\t<\/div>\n\t\t\t\t<div class=\"elementor-element elementor-element-32b3f1bc elementor-invisible elementor-widget elementor-widget-heading\" data-id=\"32b3f1bc\" data-element_type=\"widget\" data-settings=\"{&quot;_animation&quot;:&quot;fadeIn&quot;}\" data-widget_type=\"heading.default\">\n\t\t\t\t<div class=\"elementor-widget-container\">\n\t\t\t\t\t<h5 class=\"elementor-heading-title elementor-size-default\">We create interdisciplinary shows<\/h5>\t\t\t\t<\/div>\n\t\t\t\t<\/div>\n\t\t\t\t<div class=\"elementor-element elementor-element-2a921c06 elementor-align-center elementor-invisible elementor-widget elementor-widget-button\" data-id=\"2a921c06\" data-element_type=\"widget\" data-settings=\"{&quot;_animation&quot;:&quot;fadeIn&quot;,&quot;_animation_delay&quot;:400}\" data-widget_type=\"button.default\">\n\t\t\t\t<div class=\"elementor-widget-container\">\n\t\t\t\t\t\t\t\t\t<div class=\"elementor-button-wrapper\">\n\t\t\t\t\t<a class=\"elementor-button elementor-button-link elementor-size-sm\" href=\"https:\/\/sambach.art\/en\/contact\/\">\n\t\t\t\t\t\t<span class=\"elementor-button-content-wrapper\">\n\t\t\t\t\t\t\t\t\t<span class=\"elementor-button-text\">Contact<\/span>\n\t\t\t\t\t<\/span>\n\t\t\t\t\t<\/a>\n\t\t\t\t<\/div>\n\t\t\t\t\t\t\t\t<\/div>\n\t\t\t\t<\/div>\n\t\t\t\t\t<\/div>\n\t\t\t\t<\/div>\n\t\t<div class=\"elementor-element elementor-element-5f9bde1 e-flex e-con-boxed e-con e-parent\" data-id=\"5f9bde1\" data-element_type=\"container\">\n\t\t\t\t\t<div class=\"e-con-inner\">\n\t\t\t\t<div class=\"elementor-element elementor-element-2953db1 elementor-cta--skin-cover elementor-animated-content elementor-bg-transform elementor-bg-transform-zoom-in elementor-widget elementor-widget-call-to-action\" data-id=\"2953db1\" data-element_type=\"widget\" data-widget_type=\"call-to-action.default\">\n\t\t\t\t<div class=\"elementor-widget-container\">\n\t\t\t\t\t\t\t<div class=\"elementor-cta\">\n\t\t\t\t\t<div class=\"elementor-cta__bg-wrapper\">\n\t\t\t\t<div class=\"elementor-cta__bg elementor-bg\" style=\"background-image: url(https:\/\/sambach.art\/wp-content\/uploads\/2024\/08\/sambach_compania-espectaculos-conciertos_musica-fusion-folclore-brasileno-bach_barcelona-espana_ritmo-sacral-1-1024x646.jpeg);\" role=\"img\" aria-label=\"Foto desde arriba de todos los m\u00fasicos que forman parte del espect\u00e1culo Ritmo Sakral en plena acci\u00f3n en el escenario. De izquierda a derecha tenemos a Pol tocando el piano, en el fondo, detr\u00e1s del piano, se encuentra Claudia tocando el viol\u00edn, Brandon tocando el bajo, en el centro del escenario tenemos a Berta cantando con su micro enfrente del teclado, detr\u00e1s de Berta encontramos a Jordi tocando la bater\u00eda y, a la derecha, tenemos a Mar\u00eda tocando el saxo.\nEl escenario se encuentra alumbrado con una luz azul tenue, destacando el momento emotivo  de la escena.\"><\/div>\n\t\t\t\t<div class=\"elementor-cta__bg-overlay\"><\/div>\n\t\t\t<\/div>\n\t\t\t\t\t\t\t<div class=\"elementor-cta__content\">\n\t\t\t\t\n\t\t\t\t\t\t\t\t\t<h2 class=\"elementor-cta__title elementor-cta__content-item elementor-content-item elementor-animated-item--grow\">\n\t\t\t\t\t\tRITMO SAKRAL\t\t\t\t\t<\/h2>\n\t\t\t\t\n\t\t\t\t\t\t\t\t\t<span class=\"elementor-cta__description elementor-cta__content-item elementor-content-item elementor-animated-item--grow\">\n\t\t\t\t\t\t<p>a cathartic ritual in search of who you are<\/p>\n\t\t\t\t\t<\/span>\n\t\t\t\t\n\t\t\t\t\t\t\t\t\t<div class=\"elementor-cta__button-wrapper elementor-cta__content-item elementor-content-item elementor-animated-item--grow\">\n\t\t\t\t\t<a class=\"elementor-cta__button elementor-button elementor-size-\" href=\"https:\/\/sambach.art\/en\/ritmo-sakral\/\">\n\t\t\t\t\t\tSEE MORE\t\t\t\t\t<\/a>\n\t\t\t\t\t<\/div>\n\t\t\t\t\t\t\t<\/div>\n\t\t\t\t\t\t<\/div>\n\t\t\t\t\t\t<\/div>\n\t\t\t\t<\/div>\n\t\t\t\t\t<\/div>\n\t\t\t\t<\/div>\n\t\t<div class=\"elementor-element elementor-element-6ee217e e-flex e-con-boxed e-con e-parent\" data-id=\"6ee217e\" data-element_type=\"container\">\n\t\t\t\t\t<div class=\"e-con-inner\">\n\t\t\t\t<div class=\"elementor-element elementor-element-bd50168 elementor-cta--skin-cover elementor-animated-content elementor-bg-transform elementor-bg-transform-zoom-in elementor-widget elementor-widget-call-to-action\" data-id=\"bd50168\" data-element_type=\"widget\" data-widget_type=\"call-to-action.default\">\n\t\t\t\t<div class=\"elementor-widget-container\">\n\t\t\t\t\t\t\t<div class=\"elementor-cta\">\n\t\t\t\t\t<div class=\"elementor-cta__bg-wrapper\">\n\t\t\t\t<div class=\"elementor-cta__bg elementor-bg\" style=\"background-image: url(https:\/\/sambach.art\/wp-content\/uploads\/2025\/02\/AL4Y0256.jpg);\" role=\"img\" aria-label=\"Otra imagen borrosa, esta vez en negro y rojo. Entre el misterio, se llega a entrever a  Pol, tocando el piano y a Carol con una camisa rojo burdeos.\"><\/div>\n\t\t\t\t<div class=\"elementor-cta__bg-overlay\"><\/div>\n\t\t\t<\/div>\n\t\t\t\t\t\t\t<div class=\"elementor-cta__content\">\n\t\t\t\t\n\t\t\t\t\t\t\t\t\t<h2 class=\"elementor-cta__title elementor-cta__content-item elementor-content-item elementor-animated-item--grow\">\n\t\t\t\t\t\tALTRA BANDA DEL MAR\t\t\t\t\t<\/h2>\n\t\t\t\t\n\t\t\t\t\t\t\t\t\t<div class=\"elementor-cta__description elementor-cta__content-item elementor-content-item elementor-animated-item--grow\">\n\t\t\t\t\t\t<p>Have you ever wondered who writes history?  <\/p>\n\t\t\t\t\t<\/div>\n\t\t\t\t\n\t\t\t\t\t\t\t\t\t<div class=\"elementor-cta__button-wrapper elementor-cta__content-item elementor-content-item elementor-animated-item--grow\">\n\t\t\t\t\t<a class=\"elementor-cta__button elementor-button elementor-size-\" href=\"https:\/\/sambach.art\/en\/a-laltra-banda-del-mar\/\">\n\t\t\t\t\t\tSEE MORE\t\t\t\t\t<\/a>\n\t\t\t\t\t<\/div>\n\t\t\t\t\t\t\t<\/div>\n\t\t\t\t\t\t<\/div>\n\t\t\t\t\t\t<\/div>\n\t\t\t\t<\/div>\n\t\t\t\t\t<\/div>\n\t\t\t\t<\/div>\n\t\t<div class=\"elementor-element elementor-element-589b22c e-flex e-con-boxed e-con e-parent\" data-id=\"589b22c\" data-element_type=\"container\">\n\t\t\t\t\t<div class=\"e-con-inner\">\n\t\t\t\t<div class=\"elementor-element elementor-element-4b49de2 elementor-cta--skin-cover elementor-animated-content elementor-bg-transform elementor-bg-transform-zoom-in elementor-widget elementor-widget-call-to-action\" data-id=\"4b49de2\" data-element_type=\"widget\" data-widget_type=\"call-to-action.default\">\n\t\t\t\t<div class=\"elementor-widget-container\">\n\t\t\t\t\t\t\t<div class=\"elementor-cta\">\n\t\t\t\t\t<div class=\"elementor-cta__bg-wrapper\">\n\t\t\t\t<div class=\"elementor-cta__bg elementor-bg\" style=\"background-image: url(https:\/\/sambach.art\/wp-content\/uploads\/2025\/02\/SAMBACH-Ritmo-Sacral_3354-1024x683.jpg);\" role=\"img\" aria-label=\"Silueta borrosa de un gran piano\"><\/div>\n\t\t\t\t<div class=\"elementor-cta__bg-overlay\"><\/div>\n\t\t\t<\/div>\n\t\t\t\t\t\t\t<div class=\"elementor-cta__content\">\n\t\t\t\t\n\t\t\t\t\t\t\t\t\t<h2 class=\"elementor-cta__title elementor-cta__content-item elementor-content-item elementor-animated-item--grow\">\n\t\t\t\t\t\tWORKSHOPS\t\t\t\t\t<\/h2>\n\t\t\t\t\n\t\t\t\t\t\t\t\t\t<div class=\"elementor-cta__description elementor-cta__content-item elementor-content-item elementor-animated-item--grow\">\n\t\t\t\t\t\t<p>Do you want to have us as if we were in your living room?<\/p>\n\t\t\t\t\t<\/div>\n\t\t\t\t\n\t\t\t\t\t\t\t\t\t<div class=\"elementor-cta__button-wrapper elementor-cta__content-item elementor-content-item elementor-animated-item--grow\">\n\t\t\t\t\t<a class=\"elementor-cta__button elementor-button elementor-size-\" href=\"https:\/\/sambach.art\/en\/workshops\/\">\n\t\t\t\t\t\tSEE MORE\t\t\t\t\t<\/a>\n\t\t\t\t\t<\/div>\n\t\t\t\t\t\t\t<\/div>\n\t\t\t\t\t\t<\/div>\n\t\t\t\t\t\t<\/div>\n\t\t\t\t<\/div>\n\t\t\t\t\t<\/div>\n\t\t\t\t<\/div>\n\t\t<div class=\"elementor-element elementor-element-7ec971ec e-flex e-con-boxed e-con e-parent\" data-id=\"7ec971ec\" data-element_type=\"container\">\n\t\t\t\t\t<div class=\"e-con-inner\">\n\t\t\t\t<div class=\"elementor-element elementor-element-6abcc723 elementor-widget elementor-widget-heading\" data-id=\"6abcc723\" data-element_type=\"widget\" data-widget_type=\"heading.default\">\n\t\t\t\t<div class=\"elementor-widget-container\">\n\t\t\t\t\t<h2 class=\"elementor-heading-title elementor-size-default\">What do people say about us?<\/h2>\t\t\t\t<\/div>\n\t\t\t\t<\/div>\n\t\t<div class=\"elementor-element elementor-element-3e87c6c2 e-con-full e-flex e-con e-child\" data-id=\"3e87c6c2\" data-element_type=\"container\">\n\t\t\t\t<div class=\"elementor-element elementor-element-240c4796 elementor-widget__width-initial elementor-widget-tablet__width-inherit elementor-widget elementor-widget-testimonial\" data-id=\"240c4796\" data-element_type=\"widget\" data-widget_type=\"testimonial.default\">\n\t\t\t\t<div class=\"elementor-widget-container\">\n\t\t\t\t\t\t\t<div class=\"elementor-testimonial-wrapper\">\n\t\t\t\t\t\t\t<div class=\"elementor-testimonial-content\"><p>\"It is a very complete show, very different, stimulating and beautiful. I would come back many times!\"<\/p>\n<\/div>\n\t\t\t\n\t\t\t\t\t\t<div class=\"elementor-testimonial-meta\">\n\t\t\t\t<div class=\"elementor-testimonial-meta-inner\">\n\t\t\t\t\t\n\t\t\t\t\t\t\t\t\t\t<div class=\"elementor-testimonial-details\">\n\t\t\t\t\t\t\t\t\t\t\t\t\t\t<div class=\"elementor-testimonial-name\">Anna<\/div>\n\t\t\t\t\t\t\t\t\t\t\t\t\t\t\t\t\t\t\t<\/div>\n\t\t\t\t\t\t\t\t\t<\/div>\n\t\t\t<\/div>\n\t\t\t\t\t<\/div>\n\t\t\t\t\t\t<\/div>\n\t\t\t\t<\/div>\n\t\t\t\t<div class=\"elementor-element elementor-element-63e03c6 elementor-widget__width-initial elementor-widget-tablet__width-inherit elementor-widget elementor-widget-testimonial\" data-id=\"63e03c6\" data-element_type=\"widget\" data-widget_type=\"testimonial.default\">\n\t\t\t\t<div class=\"elementor-widget-container\">\n\t\t\t\t\t\t\t<div class=\"elementor-testimonial-wrapper\">\n\t\t\t\t\t\t\t<div class=\"elementor-testimonial-content\"><p>\"It's deep and moving in just the right amount, very nice!\"<\/p>\n<\/div>\n\t\t\t\n\t\t\t\t\t\t<div class=\"elementor-testimonial-meta\">\n\t\t\t\t<div class=\"elementor-testimonial-meta-inner\">\n\t\t\t\t\t\n\t\t\t\t\t\t\t\t\t\t<div class=\"elementor-testimonial-details\">\n\t\t\t\t\t\t\t\t\t\t\t\t\t\t<div class=\"elementor-testimonial-name\">Andreu<\/div>\n\t\t\t\t\t\t\t\t\t\t\t\t\t\t\t\t\t\t\t<\/div>\n\t\t\t\t\t\t\t\t\t<\/div>\n\t\t\t<\/div>\n\t\t\t\t\t<\/div>\n\t\t\t\t\t\t<\/div>\n\t\t\t\t<\/div>\n\t\t\t\t<div class=\"elementor-element elementor-element-7ff56a9e elementor-widget__width-initial elementor-widget-tablet__width-inherit elementor-widget elementor-widget-testimonial\" data-id=\"7ff56a9e\" data-element_type=\"widget\" data-widget_type=\"testimonial.default\">\n\t\t\t\t<div class=\"elementor-widget-container\">\n\t\t\t\t\t\t\t<div class=\"elementor-testimonial-wrapper\">\n\t\t\t\t\t\t\t<div class=\"elementor-testimonial-content\"><p>\"It has been a very fulfilling and inspiring experience.\"<\/p>\n<\/div>\n\t\t\t\n\t\t\t\t\t\t<div class=\"elementor-testimonial-meta\">\n\t\t\t\t<div class=\"elementor-testimonial-meta-inner\">\n\t\t\t\t\t\n\t\t\t\t\t\t\t\t\t\t<div class=\"elementor-testimonial-details\">\n\t\t\t\t\t\t\t\t\t\t\t\t\t\t<div class=\"elementor-testimonial-name\">Marcia<\/div>\n\t\t\t\t\t\t\t\t\t\t\t\t\t\t\t\t\t\t\t<\/div>\n\t\t\t\t\t\t\t\t\t<\/div>\n\t\t\t<\/div>\n\t\t\t\t\t<\/div>\n\t\t\t\t\t\t<\/div>\n\t\t\t\t<\/div>\n\t\t\t\t<\/div>\n\t\t\t\t\t<\/div>\n\t\t\t\t<\/div>\n\t\t<div class=\"elementor-element elementor-element-77ccfb7a e-con-full e-flex e-con e-parent\" data-id=\"77ccfb7a\" data-element_type=\"container\" data-settings=\"{&quot;background_background&quot;:&quot;classic&quot;}\">\n\t\t\t\t<div class=\"elementor-element elementor-element-764d0839 elementor-cta--layout-image-right elementor-cta--valign-middle elementor-cta--mobile-layout-image-above elementor-widget__width-initial elementor-widget-tablet__width-inherit elementor-cta--skin-classic elementor-animated-content elementor-bg-transform elementor-bg-transform-zoom-in elementor-widget elementor-widget-call-to-action\" data-id=\"764d0839\" data-element_type=\"widget\" data-widget_type=\"call-to-action.default\">\n\t\t\t\t<div class=\"elementor-widget-container\">\n\t\t\t\t\t\t\t<div class=\"elementor-cta\">\n\t\t\t\t\t\t\t<div class=\"elementor-cta__content\">\n\t\t\t\t\n\t\t\t\t\t\t\t\t\t<h2 class=\"elementor-cta__title elementor-cta__content-item elementor-content-item\">\n\t\t\t\t\t\tFeel like talking to us?\t\t\t\t\t<\/h2>\n\t\t\t\t\n\t\t\t\t\t\t\t\t\t<div class=\"elementor-cta__description elementor-cta__content-item elementor-content-item\">\n\t\t\t\t\t\t<p>Whatever it is, we'd love to chat with you!<\/p>\n\t\t\t\t\t<\/div>\n\t\t\t\t\n\t\t\t\t\t\t\t\t\t<div class=\"elementor-cta__button-wrapper elementor-cta__content-item elementor-content-item \">\n\t\t\t\t\t<a class=\"elementor-cta__button elementor-button elementor-size-md\" href=\"https:\/\/sambach.art\/contacto\/\">\n\t\t\t\t\t\tTalk to us\t\t\t\t\t<\/a>\n\t\t\t\t\t<\/div>\n\t\t\t\t\t\t\t<\/div>\n\t\t\t\t\t\t<\/div>\n\t\t\t\t\t\t<\/div>\n\t\t\t\t<\/div>\n\t\t\t\t<\/div>\n\t\t<div class=\"elementor-element elementor-element-03776c5 e-flex e-con-boxed e-con e-parent\" data-id=\"03776c5\" data-element_type=\"container\">\n\t\t\t\t\t<div class=\"e-con-inner\">\n\t\t\t\t\t<\/div>\n\t\t\t\t<\/div>\n\t\t\t\t<\/div>\n\t\t","protected":false},"excerpt":{"rendered":"<p>SAMBACH We create interdisciplinary shows Contact RITMO SAKRAL a cathartic ritual in search of who you are SEE MORE ALTRA BANDA DEL MAR Have you ever wondered who writes history? SEE MORE WORKSHOPS Do you want to have us as if we were in your living room? SEE MORE What do people say about us? [&hellip;]<\/p>\n","protected":false},"author":1,"featured_media":0,"parent":0,"menu_order":0,"comment_status":"closed","ping_status":"closed","template":"elementor_header_footer","meta":{"footnotes":""},"class_list":["post-1450","page","type-page","status-publish","hentry"],"yoast_head":"<!-- This site is optimized with the Yoast SEO plugin v25.9 - https:\/\/yoast.com\/wordpress\/plugins\/seo\/ -->\n<title>Home - Sambach<\/title>\n<meta name=\"robots\" content=\"index, follow, max-snippet:-1, max-image-preview:large, max-video-preview:-1\" \/>\n<link rel=\"canonical\" href=\"https:\/\/sambach.art\/en\/home-2\/\" \/>\n<meta property=\"og:locale\" content=\"en_US\" \/>\n<meta property=\"og:type\" content=\"article\" \/>\n<meta property=\"og:title\" content=\"Home - Sambach\" \/>\n<meta property=\"og:description\" content=\"SAMBACH We create interdisciplinary shows Contact RITMO SAKRAL a cathartic ritual in search of who you are SEE MORE ALTRA BANDA DEL MAR Have you ever wondered who writes history? SEE MORE WORKSHOPS Do you want to have us as if we were in your living room? SEE MORE What do people say about us? [&hellip;]\" \/>\n<meta property=\"og:url\" content=\"https:\/\/sambach.art\/en\/home-2\/\" \/>\n<meta property=\"og:site_name\" content=\"Sambach\" \/>\n<meta property=\"article:publisher\" content=\"https:\/\/www.facebook.com\/sambachritual\/?locale=es_ES\" \/>\n<meta property=\"article:modified_time\" content=\"2025-04-25T14:36:04+00:00\" \/>\n<meta name=\"twitter:card\" content=\"summary_large_image\" \/>\n<meta name=\"twitter:label1\" content=\"Est. reading time\" \/>\n\t<meta name=\"twitter:data1\" content=\"1 minute\" \/>\n<script type=\"application\/ld+json\" class=\"yoast-schema-graph\">{\"@context\":\"https:\/\/schema.org\",\"@graph\":[{\"@type\":\"WebPage\",\"@id\":\"https:\/\/sambach.art\/en\/home-2\/\",\"url\":\"https:\/\/sambach.art\/en\/home-2\/\",\"name\":\"Home - Sambach\",\"isPartOf\":{\"@id\":\"https:\/\/sambach.art\/#website\"},\"datePublished\":\"2025-02-26T11:33:09+00:00\",\"dateModified\":\"2025-04-25T14:36:04+00:00\",\"breadcrumb\":{\"@id\":\"https:\/\/sambach.art\/en\/home-2\/#breadcrumb\"},\"inLanguage\":\"en-US\",\"potentialAction\":[{\"@type\":\"ReadAction\",\"target\":[\"https:\/\/sambach.art\/en\/home-2\/\"]}]},{\"@type\":\"BreadcrumbList\",\"@id\":\"https:\/\/sambach.art\/en\/home-2\/#breadcrumb\",\"itemListElement\":[{\"@type\":\"ListItem\",\"position\":1,\"name\":\"Portada\",\"item\":\"https:\/\/sambach.art\/en\/home\/\"},{\"@type\":\"ListItem\",\"position\":2,\"name\":\"Home\"}]},{\"@type\":\"WebSite\",\"@id\":\"https:\/\/sambach.art\/#website\",\"url\":\"https:\/\/sambach.art\/\",\"name\":\"Sambach\",\"description\":\"Generamos espect\u00e1culos multisensoriales fusionando el folclore brasilero y Bach\",\"publisher\":{\"@id\":\"https:\/\/sambach.art\/#organization\"},\"potentialAction\":[{\"@type\":\"SearchAction\",\"target\":{\"@type\":\"EntryPoint\",\"urlTemplate\":\"https:\/\/sambach.art\/?s={search_term_string}\"},\"query-input\":{\"@type\":\"PropertyValueSpecification\",\"valueRequired\":true,\"valueName\":\"search_term_string\"}}],\"inLanguage\":\"en-US\"},{\"@type\":\"Organization\",\"@id\":\"https:\/\/sambach.art\/#organization\",\"name\":\"Sambach\",\"url\":\"https:\/\/sambach.art\/\",\"logo\":{\"@type\":\"ImageObject\",\"inLanguage\":\"en-US\",\"@id\":\"https:\/\/sambach.art\/#\/schema\/logo\/image\/\",\"url\":\"https:\/\/sambach.art\/wp-content\/uploads\/2024\/08\/sambach_compania-espectaculos-conciertos_musica-fusion-folclore-brasileno-bach_barcelona-espana_logo.png\",\"contentUrl\":\"https:\/\/sambach.art\/wp-content\/uploads\/2024\/08\/sambach_compania-espectaculos-conciertos_musica-fusion-folclore-brasileno-bach_barcelona-espana_logo.png\",\"width\":1080,\"height\":1080,\"caption\":\"Sambach\"},\"image\":{\"@id\":\"https:\/\/sambach.art\/#\/schema\/logo\/image\/\"},\"sameAs\":[\"https:\/\/www.facebook.com\/sambachritual\/?locale=es_ES\"]}]}<\/script>\n<!-- \/ Yoast SEO plugin. -->","yoast_head_json":{"title":"Home - Sambach","robots":{"index":"index","follow":"follow","max-snippet":"max-snippet:-1","max-image-preview":"max-image-preview:large","max-video-preview":"max-video-preview:-1"},"canonical":"https:\/\/sambach.art\/en\/home-2\/","og_locale":"en_US","og_type":"article","og_title":"Home - Sambach","og_description":"SAMBACH We create interdisciplinary shows Contact RITMO SAKRAL a cathartic ritual in search of who you are SEE MORE ALTRA BANDA DEL MAR Have you ever wondered who writes history? SEE MORE WORKSHOPS Do you want to have us as if we were in your living room? SEE MORE What do people say about us? [&hellip;]","og_url":"https:\/\/sambach.art\/en\/home-2\/","og_site_name":"Sambach","article_publisher":"https:\/\/www.facebook.com\/sambachritual\/?locale=es_ES","article_modified_time":"2025-04-25T14:36:04+00:00","twitter_card":"summary_large_image","twitter_misc":{"Est. reading time":"1 minute"},"schema":{"@context":"https:\/\/schema.org","@graph":[{"@type":"WebPage","@id":"https:\/\/sambach.art\/en\/home-2\/","url":"https:\/\/sambach.art\/en\/home-2\/","name":"Home - Sambach","isPartOf":{"@id":"https:\/\/sambach.art\/#website"},"datePublished":"2025-02-26T11:33:09+00:00","dateModified":"2025-04-25T14:36:04+00:00","breadcrumb":{"@id":"https:\/\/sambach.art\/en\/home-2\/#breadcrumb"},"inLanguage":"en-US","potentialAction":[{"@type":"ReadAction","target":["https:\/\/sambach.art\/en\/home-2\/"]}]},{"@type":"BreadcrumbList","@id":"https:\/\/sambach.art\/en\/home-2\/#breadcrumb","itemListElement":[{"@type":"ListItem","position":1,"name":"Portada","item":"https:\/\/sambach.art\/en\/home\/"},{"@type":"ListItem","position":2,"name":"Home"}]},{"@type":"WebSite","@id":"https:\/\/sambach.art\/#website","url":"https:\/\/sambach.art\/","name":"Sambach","description":"Generamos espect\u00e1culos multisensoriales fusionando el folclore brasilero y Bach","publisher":{"@id":"https:\/\/sambach.art\/#organization"},"potentialAction":[{"@type":"SearchAction","target":{"@type":"EntryPoint","urlTemplate":"https:\/\/sambach.art\/?s={search_term_string}"},"query-input":{"@type":"PropertyValueSpecification","valueRequired":true,"valueName":"search_term_string"}}],"inLanguage":"en-US"},{"@type":"Organization","@id":"https:\/\/sambach.art\/#organization","name":"Sambach","url":"https:\/\/sambach.art\/","logo":{"@type":"ImageObject","inLanguage":"en-US","@id":"https:\/\/sambach.art\/#\/schema\/logo\/image\/","url":"https:\/\/sambach.art\/wp-content\/uploads\/2024\/08\/sambach_compania-espectaculos-conciertos_musica-fusion-folclore-brasileno-bach_barcelona-espana_logo.png","contentUrl":"https:\/\/sambach.art\/wp-content\/uploads\/2024\/08\/sambach_compania-espectaculos-conciertos_musica-fusion-folclore-brasileno-bach_barcelona-espana_logo.png","width":1080,"height":1080,"caption":"Sambach"},"image":{"@id":"https:\/\/sambach.art\/#\/schema\/logo\/image\/"},"sameAs":["https:\/\/www.facebook.com\/sambachritual\/?locale=es_ES"]}]}},"_links":{"self":[{"href":"https:\/\/sambach.art\/en\/wp-json\/wp\/v2\/pages\/1450","targetHints":{"allow":["GET"]}}],"collection":[{"href":"https:\/\/sambach.art\/en\/wp-json\/wp\/v2\/pages"}],"about":[{"href":"https:\/\/sambach.art\/en\/wp-json\/wp\/v2\/types\/page"}],"author":[{"embeddable":true,"href":"https:\/\/sambach.art\/en\/wp-json\/wp\/v2\/users\/1"}],"replies":[{"embeddable":true,"href":"https:\/\/sambach.art\/en\/wp-json\/wp\/v2\/comments?post=1450"}],"version-history":[{"count":4,"href":"https:\/\/sambach.art\/en\/wp-json\/wp\/v2\/pages\/1450\/revisions"}],"predecessor-version":[{"id":1567,"href":"https:\/\/sambach.art\/en\/wp-json\/wp\/v2\/pages\/1450\/revisions\/1567"}],"wp:attachment":[{"href":"https:\/\/sambach.art\/en\/wp-json\/wp\/v2\/media?parent=1450"}],"curies":[{"name":"wp","href":"https:\/\/api.w.org\/{rel}","templated":true}]}}