{"id":608,"date":"2024-08-26T12:52:08","date_gmt":"2024-08-26T10:52:08","guid":{"rendered":"https:\/\/sambach.art\/who-we-are\/"},"modified":"2025-01-28T21:57:06","modified_gmt":"2025-01-28T20:57:06","slug":"who-are-we","status":"publish","type":"page","link":"https:\/\/sambach.art\/en\/who-are-we\/","title":{"rendered":"The company"},"content":{"rendered":"\t\t<div data-elementor-type=\"wp-page\" data-elementor-id=\"608\" class=\"elementor elementor-608 elementor-39\" data-elementor-post-type=\"page\">\n\t\t\t\t<div class=\"elementor-element elementor-element-47a8853c e-con-full e-flex e-con e-parent\" data-id=\"47a8853c\" data-element_type=\"container\">\n\t\t<div class=\"elementor-element elementor-element-c8b73c1 e-flex e-con-boxed e-con e-child\" data-id=\"c8b73c1\" data-element_type=\"container\">\n\t\t\t\t\t<div class=\"e-con-inner\">\n\t\t<div class=\"elementor-element elementor-element-6b74bdb e-con-full e-flex e-con e-child\" data-id=\"6b74bdb\" data-element_type=\"container\">\n\t\t<div class=\"elementor-element elementor-element-3ba02ee e-con-full e-flex e-con e-child\" data-id=\"3ba02ee\" data-element_type=\"container\">\n\t\t\t\t<div class=\"elementor-element elementor-element-ebd7fa4 elementor-align-center elementor-widget elementor-widget-breadcrumbs\" data-id=\"ebd7fa4\" data-element_type=\"widget\" data-widget_type=\"breadcrumbs.default\">\n\t\t\t\t<div class=\"elementor-widget-container\">\n\t\t\t\t\t<p id=\"breadcrumbs\"><span><span><a href=\"https:\/\/sambach.art\/en\/home\/\">Portada<\/a><\/span><\/span><\/p>\t\t\t\t<\/div>\n\t\t\t\t<\/div>\n\t\t\t\t<div class=\"elementor-element elementor-element-6da61ee elementor-invisible elementor-widget elementor-widget-heading\" data-id=\"6da61ee\" data-element_type=\"widget\" data-settings=\"{&quot;_animation&quot;:&quot;fadeIn&quot;}\" data-widget_type=\"heading.default\">\n\t\t\t\t<div class=\"elementor-widget-container\">\n\t\t\t\t\t<h1 class=\"elementor-heading-title elementor-size-default\">Who are we?<\/h1>\t\t\t\t<\/div>\n\t\t\t\t<\/div>\n\t\t\t\t<\/div>\n\t\t\t\t<\/div>\n\t\t\t\t\t<\/div>\n\t\t\t\t<\/div>\n\t\t\t\t<\/div>\n\t\t<div class=\"elementor-element elementor-element-243b162b e-con-full e-flex e-con e-parent\" data-id=\"243b162b\" data-element_type=\"container\">\n\t\t<div class=\"elementor-element elementor-element-46fd6c19 e-con-full e-flex e-con e-child\" data-id=\"46fd6c19\" data-element_type=\"container\">\n\t\t\t\t<div class=\"elementor-element elementor-element-642346c5 elementor-widget elementor-widget-heading\" data-id=\"642346c5\" data-element_type=\"widget\" aria-hidden=\"true\" data-widget_type=\"heading.default\">\n\t\t\t\t<div class=\"elementor-widget-container\">\n\t\t\t\t\t<h2 class=\"elementor-heading-title elementor-size-default\">SAMBACH<\/h2>\t\t\t\t<\/div>\n\t\t\t\t<\/div>\n\t\t\t\t<div class=\"elementor-element elementor-element-14575f6a elementor-widget__width-initial elementor-widget-mobile__width-inherit elementor-widget elementor-widget-text-editor\" data-id=\"14575f6a\" data-element_type=\"widget\" data-widget_type=\"text-editor.default\">\n\t\t\t\t<div class=\"elementor-widget-container\">\n\t\t\t\t\t\t\t\t\t<p>We are a company that creates interdisciplinary shows with music at the center.<\/p>\n<p>Our starting point is the fusion of Brazilian folklore with the work of Johann Sebastian Bach.<\/p>\n<p>Here you have our principles, we love them very much, they make us unique and without them we would not be who we are:<\/p>\n\t\t\t\t\t\t\t\t<\/div>\n\t\t\t\t<\/div>\n\t\t\t\t<\/div>\n\t\t<div class=\"elementor-element elementor-element-396b53b e-con-full e-flex e-con e-child\" data-id=\"396b53b\" data-element_type=\"container\">\n\t\t\t\t<div class=\"elementor-element elementor-element-d026ee6 elementor-widget elementor-widget-image\" data-id=\"d026ee6\" data-element_type=\"widget\" data-widget_type=\"image.default\">\n\t\t\t\t<div class=\"elementor-widget-container\">\n\t\t\t\t\t\t\t\t\t\t\t\t\t\t\t<img decoding=\"async\" src=\"https:\/\/sambach.art\/wp-content\/uploads\/2024\/10\/sambach_compania-espectaculos-conciertos_musica-fusion-folclore-brasileno-bach_barcelona-espana_logo_v2.jpg\" title=\"sambach_compania-espectaculos-conciertos_musica-fusion-folclore-brasileno-bach_barcelona-espana_logo_v2\" alt=\"Foto de nuestro espect\u00e1culo A l\u2019altra banda del mar, en nuestro preestreno en el Gran Teatre del Liceu de Barcelona. Aparecen de izquierda a derecha Pol, tocando el piano vestido con una camisa blanca y su pie de micro al lado y, a la derecha, Carol cantando, va vestida con pantalones negros y camisa rojo burdeos. La luz incide sobre ellos de una manera puntual, pues el fondo es negro y no podemos ver qu\u00e9 tienen detr\u00e1s.\" loading=\"lazy\" \/>\t\t\t\t\t\t\t\t\t\t\t\t\t\t\t<\/div>\n\t\t\t\t<\/div>\n\t\t\t\t<\/div>\n\t\t\t\t<\/div>\n\t\t<div class=\"elementor-element elementor-element-c42fcde e-grid e-con-boxed e-con e-parent\" data-id=\"c42fcde\" data-element_type=\"container\">\n\t\t\t\t\t<div class=\"e-con-inner\">\n\t\t\t\t<div class=\"elementor-element elementor-element-08c2fca elementor-widget elementor-widget-image\" data-id=\"08c2fca\" data-element_type=\"widget\" data-widget_type=\"image.default\">\n\t\t\t\t<div class=\"elementor-widget-container\">\n\t\t\t\t\t\t\t\t\t\t\t\t\t\t\t<img fetchpriority=\"high\" decoding=\"async\" width=\"783\" height=\"206\" src=\"https:\/\/sambach.art\/wp-content\/uploads\/2024\/10\/mandamientos-1-1.jpg\" class=\"attachment-large size-large wp-image-1142\" alt=\"Creemos en el arte como una herramienta para la transformaci\u00f3n del pensamiento colectivo, nuestros espect\u00e1culos s\u00f3lo tienen sentido si llegan al alma de quien nos vive.\" srcset=\"https:\/\/sambach.art\/wp-content\/uploads\/2024\/10\/mandamientos-1-1.jpg 783w, https:\/\/sambach.art\/wp-content\/uploads\/2024\/10\/mandamientos-1-1-300x79.jpg 300w, https:\/\/sambach.art\/wp-content\/uploads\/2024\/10\/mandamientos-1-1-768x202.jpg 768w\" sizes=\"(max-width: 783px) 100vw, 783px\" \/>\t\t\t\t\t\t\t\t\t\t\t\t\t\t\t<\/div>\n\t\t\t\t<\/div>\n\t\t\t\t<div class=\"elementor-element elementor-element-1efdea0 elementor-widget elementor-widget-image\" data-id=\"1efdea0\" data-element_type=\"widget\" data-widget_type=\"image.default\">\n\t\t\t\t<div class=\"elementor-widget-container\">\n\t\t\t\t\t\t\t\t\t\t\t\t\t\t\t<img decoding=\"async\" width=\"782\" height=\"206\" src=\"https:\/\/sambach.art\/wp-content\/uploads\/2024\/10\/mandamientos-2-1.jpg\" class=\"attachment-large size-large wp-image-1145\" alt=\"2. Creemos en la experiencia como motor del cambio, por eso nos valemos de todos los lenguajes art\u00edsticos y de todos los sentidos, para que nuestros mensajes y espect\u00e1culos sean n\u00edtidos y reveladores.\" srcset=\"https:\/\/sambach.art\/wp-content\/uploads\/2024\/10\/mandamientos-2-1.jpg 782w, https:\/\/sambach.art\/wp-content\/uploads\/2024\/10\/mandamientos-2-1-300x79.jpg 300w, https:\/\/sambach.art\/wp-content\/uploads\/2024\/10\/mandamientos-2-1-768x202.jpg 768w\" sizes=\"(max-width: 782px) 100vw, 782px\" \/>\t\t\t\t\t\t\t\t\t\t\t\t\t\t\t<\/div>\n\t\t\t\t<\/div>\n\t\t\t\t\t<\/div>\n\t\t\t\t<\/div>\n\t\t<div class=\"elementor-element elementor-element-f42dd83 e-grid e-con-boxed e-con e-parent\" data-id=\"f42dd83\" data-element_type=\"container\">\n\t\t\t\t\t<div class=\"e-con-inner\">\n\t\t\t\t<div class=\"elementor-element elementor-element-576ac8d elementor-widget elementor-widget-image\" data-id=\"576ac8d\" data-element_type=\"widget\" data-widget_type=\"image.default\">\n\t\t\t\t<div class=\"elementor-widget-container\">\n\t\t\t\t\t\t\t\t\t\t\t\t\t\t\t<img decoding=\"async\" width=\"783\" height=\"206\" src=\"https:\/\/sambach.art\/wp-content\/uploads\/2024\/10\/mandamiento-3-1.jpg\" class=\"attachment-large size-large wp-image-1148\" alt=\"3. Creemos en la catarsis a trav\u00e9s del placer, por eso somos provocador@s a trav\u00e9s de la belleza est\u00e9tica y el humor.\" srcset=\"https:\/\/sambach.art\/wp-content\/uploads\/2024\/10\/mandamiento-3-1.jpg 783w, https:\/\/sambach.art\/wp-content\/uploads\/2024\/10\/mandamiento-3-1-300x79.jpg 300w, https:\/\/sambach.art\/wp-content\/uploads\/2024\/10\/mandamiento-3-1-768x202.jpg 768w\" sizes=\"(max-width: 783px) 100vw, 783px\" \/>\t\t\t\t\t\t\t\t\t\t\t\t\t\t\t<\/div>\n\t\t\t\t<\/div>\n\t\t\t\t<div class=\"elementor-element elementor-element-1213d94 elementor-widget elementor-widget-image\" data-id=\"1213d94\" data-element_type=\"widget\" data-widget_type=\"image.default\">\n\t\t\t\t<div class=\"elementor-widget-container\">\n\t\t\t\t\t\t\t\t\t\t\t\t\t\t\t<img loading=\"lazy\" decoding=\"async\" width=\"782\" height=\"206\" src=\"https:\/\/sambach.art\/wp-content\/uploads\/2024\/10\/mandamientos-4-1.jpg\" class=\"attachment-large size-large wp-image-1151\" alt=\"4. Somos pol\u00edticamente incorrectas y socialmente responsables, por eso nos gusta visibilizar todo aquello que mientras nos incomoda nos hace crecer.\" srcset=\"https:\/\/sambach.art\/wp-content\/uploads\/2024\/10\/mandamientos-4-1.jpg 782w, https:\/\/sambach.art\/wp-content\/uploads\/2024\/10\/mandamientos-4-1-300x79.jpg 300w, https:\/\/sambach.art\/wp-content\/uploads\/2024\/10\/mandamientos-4-1-768x202.jpg 768w\" sizes=\"(max-width: 782px) 100vw, 782px\" \/>\t\t\t\t\t\t\t\t\t\t\t\t\t\t\t<\/div>\n\t\t\t\t<\/div>\n\t\t\t\t\t<\/div>\n\t\t\t\t<\/div>\n\t\t<div class=\"elementor-element elementor-element-4ee12f8 e-grid e-con-boxed e-con e-parent\" data-id=\"4ee12f8\" data-element_type=\"container\">\n\t\t\t\t\t<div class=\"e-con-inner\">\n\t\t\t\t<div class=\"elementor-element elementor-element-e2cfa86 elementor-widget elementor-widget-image\" data-id=\"e2cfa86\" data-element_type=\"widget\" data-widget_type=\"image.default\">\n\t\t\t\t<div class=\"elementor-widget-container\">\n\t\t\t\t\t\t\t\t\t\t\t\t\t\t\t<img loading=\"lazy\" decoding=\"async\" width=\"782\" height=\"206\" src=\"https:\/\/sambach.art\/wp-content\/uploads\/2024\/10\/mandamientos-5-1.jpg\" class=\"attachment-large size-large wp-image-1154\" alt=\"5. Nos encanta el conocimiento profundo, no hablamos de nada que no nos parezca importante y sobre lo cual no nos hayamos hecho preguntas.\" srcset=\"https:\/\/sambach.art\/wp-content\/uploads\/2024\/10\/mandamientos-5-1.jpg 782w, https:\/\/sambach.art\/wp-content\/uploads\/2024\/10\/mandamientos-5-1-300x79.jpg 300w, https:\/\/sambach.art\/wp-content\/uploads\/2024\/10\/mandamientos-5-1-768x202.jpg 768w\" sizes=\"(max-width: 782px) 100vw, 782px\" \/>\t\t\t\t\t\t\t\t\t\t\t\t\t\t\t<\/div>\n\t\t\t\t<\/div>\n\t\t\t\t<div class=\"elementor-element elementor-element-b108e65 elementor-widget elementor-widget-image\" data-id=\"b108e65\" data-element_type=\"widget\" data-widget_type=\"image.default\">\n\t\t\t\t<div class=\"elementor-widget-container\">\n\t\t\t\t\t\t\t\t\t\t\t\t\t\t\t<img loading=\"lazy\" decoding=\"async\" width=\"783\" height=\"206\" src=\"https:\/\/sambach.art\/wp-content\/uploads\/2024\/10\/mandamiento-6-1.jpg\" class=\"attachment-large size-large wp-image-1157\" alt=\"6. S\u00f3lo trabajamos con arte de alta calidad, por eso acumulamos talento con criterios claros y experiencias \u00fanicas que hacen de nuestro equipo una sola alma que crea conjuntamente.\" srcset=\"https:\/\/sambach.art\/wp-content\/uploads\/2024\/10\/mandamiento-6-1.jpg 783w, https:\/\/sambach.art\/wp-content\/uploads\/2024\/10\/mandamiento-6-1-300x79.jpg 300w, https:\/\/sambach.art\/wp-content\/uploads\/2024\/10\/mandamiento-6-1-768x202.jpg 768w\" sizes=\"(max-width: 783px) 100vw, 783px\" \/>\t\t\t\t\t\t\t\t\t\t\t\t\t\t\t<\/div>\n\t\t\t\t<\/div>\n\t\t\t\t\t<\/div>\n\t\t\t\t<\/div>\n\t\t<div class=\"elementor-element elementor-element-511ea50 e-grid e-con-boxed e-con e-parent\" data-id=\"511ea50\" data-element_type=\"container\">\n\t\t\t\t\t<div class=\"e-con-inner\">\n\t\t\t\t<div class=\"elementor-element elementor-element-ef6cf62 elementor-widget elementor-widget-image\" data-id=\"ef6cf62\" data-element_type=\"widget\" data-widget_type=\"image.default\">\n\t\t\t\t<div class=\"elementor-widget-container\">\n\t\t\t\t\t\t\t\t\t\t\t\t\t\t\t<img loading=\"lazy\" decoding=\"async\" width=\"782\" height=\"206\" src=\"https:\/\/sambach.art\/wp-content\/uploads\/2024\/10\/mandamiento-7-1.jpg\" class=\"attachment-large size-large wp-image-1160\" alt=\"07. Creemos en la innovaci\u00f3n, en ser precisas y disruptivas cada vez que subimos al escenario.\" srcset=\"https:\/\/sambach.art\/wp-content\/uploads\/2024\/10\/mandamiento-7-1.jpg 782w, https:\/\/sambach.art\/wp-content\/uploads\/2024\/10\/mandamiento-7-1-300x79.jpg 300w, https:\/\/sambach.art\/wp-content\/uploads\/2024\/10\/mandamiento-7-1-768x202.jpg 768w\" sizes=\"(max-width: 782px) 100vw, 782px\" \/>\t\t\t\t\t\t\t\t\t\t\t\t\t\t\t<\/div>\n\t\t\t\t<\/div>\n\t\t\t\t<div class=\"elementor-element elementor-element-af93272 elementor-widget elementor-widget-image\" data-id=\"af93272\" data-element_type=\"widget\" data-widget_type=\"image.default\">\n\t\t\t\t<div class=\"elementor-widget-container\">\n\t\t\t\t\t\t\t\t\t\t\t\t\t\t\t<img loading=\"lazy\" decoding=\"async\" width=\"783\" height=\"206\" src=\"https:\/\/sambach.art\/wp-content\/uploads\/2024\/10\/mandamiento-8-1.jpg\" class=\"attachment-large size-large wp-image-1163\" alt=\"Somos valientes, creemos que nuestra responsabilidad es estar siempre un paso fuera de nuestra zona de confort.\" srcset=\"https:\/\/sambach.art\/wp-content\/uploads\/2024\/10\/mandamiento-8-1.jpg 783w, https:\/\/sambach.art\/wp-content\/uploads\/2024\/10\/mandamiento-8-1-300x79.jpg 300w, https:\/\/sambach.art\/wp-content\/uploads\/2024\/10\/mandamiento-8-1-768x202.jpg 768w\" sizes=\"(max-width: 783px) 100vw, 783px\" \/>\t\t\t\t\t\t\t\t\t\t\t\t\t\t\t<\/div>\n\t\t\t\t<\/div>\n\t\t\t\t\t<\/div>\n\t\t\t\t<\/div>\n\t\t<div class=\"elementor-element elementor-element-8ed7d4b e-grid e-con-boxed e-con e-parent\" data-id=\"8ed7d4b\" data-element_type=\"container\">\n\t\t\t\t\t<div class=\"e-con-inner\">\n\t\t\t\t<div class=\"elementor-element elementor-element-94b120b elementor-widget elementor-widget-image\" data-id=\"94b120b\" data-element_type=\"widget\" data-widget_type=\"image.default\">\n\t\t\t\t<div class=\"elementor-widget-container\">\n\t\t\t\t\t\t\t\t\t\t\t\t\t\t\t<img loading=\"lazy\" decoding=\"async\" width=\"782\" height=\"206\" src=\"https:\/\/sambach.art\/wp-content\/uploads\/2024\/10\/mandamiento-9-1.jpg\" class=\"attachment-large size-large wp-image-1166\" alt=\"09. La diversidad nos alimenta, por eso hacemos que est\u00e9 presente en todos nuestros espect\u00e1culos, tanto en el escenario como entre bambalinas.\" srcset=\"https:\/\/sambach.art\/wp-content\/uploads\/2024\/10\/mandamiento-9-1.jpg 782w, https:\/\/sambach.art\/wp-content\/uploads\/2024\/10\/mandamiento-9-1-300x79.jpg 300w, https:\/\/sambach.art\/wp-content\/uploads\/2024\/10\/mandamiento-9-1-768x202.jpg 768w\" sizes=\"(max-width: 782px) 100vw, 782px\" \/>\t\t\t\t\t\t\t\t\t\t\t\t\t\t\t<\/div>\n\t\t\t\t<\/div>\n\t\t\t\t<div class=\"elementor-element elementor-element-139ede0 elementor-widget elementor-widget-image\" data-id=\"139ede0\" data-element_type=\"widget\" data-widget_type=\"image.default\">\n\t\t\t\t<div class=\"elementor-widget-container\">\n\t\t\t\t\t\t\t\t\t\t\t\t\t\t\t<img loading=\"lazy\" decoding=\"async\" width=\"782\" height=\"206\" src=\"https:\/\/sambach.art\/wp-content\/uploads\/2024\/10\/mandamientos-10-1.jpg\" class=\"attachment-large size-large wp-image-1169\" alt=\"10. Creemos en un arte abundante y socialmente comprometido, por eso todas nuestras alianzas empresariales parten de \u00e9sta m\u00e1xima.\" srcset=\"https:\/\/sambach.art\/wp-content\/uploads\/2024\/10\/mandamientos-10-1.jpg 782w, https:\/\/sambach.art\/wp-content\/uploads\/2024\/10\/mandamientos-10-1-300x79.jpg 300w, https:\/\/sambach.art\/wp-content\/uploads\/2024\/10\/mandamientos-10-1-768x202.jpg 768w\" sizes=\"(max-width: 782px) 100vw, 782px\" \/>\t\t\t\t\t\t\t\t\t\t\t\t\t\t\t<\/div>\n\t\t\t\t<\/div>\n\t\t\t\t\t<\/div>\n\t\t\t\t<\/div>\n\t\t\t\t<\/div>\n\t\t","protected":false},"excerpt":{"rendered":"<p>Who are we? SAMBACH We are a company that creates interdisciplinary shows with music at the center. Our starting point is the fusion of Brazilian folklore with the work of Johann Sebastian Bach. Here you have our principles, we love them very much, they make us unique and without them we would not be who [&hellip;]<\/p>\n","protected":false},"author":1,"featured_media":0,"parent":0,"menu_order":0,"comment_status":"closed","ping_status":"closed","template":"elementor_header_footer","meta":{"footnotes":""},"class_list":["post-608","page","type-page","status-publish","hentry"],"yoast_head":"<!-- This site is optimized with the Yoast SEO plugin v25.9 - https:\/\/yoast.com\/wordpress\/plugins\/seo\/ -->\n<title>The company - Sambach<\/title>\n<meta name=\"robots\" content=\"index, follow, max-snippet:-1, max-image-preview:large, max-video-preview:-1\" \/>\n<link rel=\"canonical\" href=\"https:\/\/sambach.art\/en\/who-are-we\/\" \/>\n<meta property=\"og:locale\" content=\"en_US\" \/>\n<meta property=\"og:type\" content=\"article\" \/>\n<meta property=\"og:title\" content=\"The company - Sambach\" \/>\n<meta property=\"og:description\" content=\"Who are we? SAMBACH We are a company that creates interdisciplinary shows with music at the center. Our starting point is the fusion of Brazilian folklore with the work of Johann Sebastian Bach. Here you have our principles, we love them very much, they make us unique and without them we would not be who [&hellip;]\" \/>\n<meta property=\"og:url\" content=\"https:\/\/sambach.art\/en\/who-are-we\/\" \/>\n<meta property=\"og:site_name\" content=\"Sambach\" \/>\n<meta property=\"article:publisher\" content=\"https:\/\/www.facebook.com\/sambachritual\/?locale=es_ES\" \/>\n<meta property=\"article:modified_time\" content=\"2025-01-28T20:57:06+00:00\" \/>\n<meta property=\"og:image\" content=\"https:\/\/sambach.art\/wp-content\/uploads\/2024\/10\/sambach_compania-espectaculos-conciertos_musica-fusion-folclore-brasileno-bach_barcelona-espana_logo_v2.jpg\" \/>\n<meta name=\"twitter:card\" content=\"summary_large_image\" \/>\n<meta name=\"twitter:label1\" content=\"Est. reading time\" \/>\n\t<meta name=\"twitter:data1\" content=\"5 minutes\" \/>\n<script type=\"application\/ld+json\" class=\"yoast-schema-graph\">{\"@context\":\"https:\/\/schema.org\",\"@graph\":[{\"@type\":\"WebPage\",\"@id\":\"https:\/\/sambach.art\/en\/who-are-we\/\",\"url\":\"https:\/\/sambach.art\/en\/who-are-we\/\",\"name\":\"The company - Sambach\",\"isPartOf\":{\"@id\":\"https:\/\/sambach.art\/#website\"},\"primaryImageOfPage\":{\"@id\":\"https:\/\/sambach.art\/en\/who-are-we\/#primaryimage\"},\"image\":{\"@id\":\"https:\/\/sambach.art\/en\/who-are-we\/#primaryimage\"},\"thumbnailUrl\":\"https:\/\/sambach.art\/wp-content\/uploads\/2024\/10\/sambach_compania-espectaculos-conciertos_musica-fusion-folclore-brasileno-bach_barcelona-espana_logo_v2.jpg\",\"datePublished\":\"2024-08-26T10:52:08+00:00\",\"dateModified\":\"2025-01-28T20:57:06+00:00\",\"breadcrumb\":{\"@id\":\"https:\/\/sambach.art\/en\/who-are-we\/#breadcrumb\"},\"inLanguage\":\"en-US\",\"potentialAction\":[{\"@type\":\"ReadAction\",\"target\":[\"https:\/\/sambach.art\/en\/who-are-we\/\"]}]},{\"@type\":\"ImageObject\",\"inLanguage\":\"en-US\",\"@id\":\"https:\/\/sambach.art\/en\/who-are-we\/#primaryimage\",\"url\":\"https:\/\/sambach.art\/wp-content\/uploads\/2024\/10\/sambach_compania-espectaculos-conciertos_musica-fusion-folclore-brasileno-bach_barcelona-espana_logo_v2.jpg\",\"contentUrl\":\"https:\/\/sambach.art\/wp-content\/uploads\/2024\/10\/sambach_compania-espectaculos-conciertos_musica-fusion-folclore-brasileno-bach_barcelona-espana_logo_v2.jpg\"},{\"@type\":\"BreadcrumbList\",\"@id\":\"https:\/\/sambach.art\/en\/who-are-we\/#breadcrumb\",\"itemListElement\":[{\"@type\":\"ListItem\",\"position\":1,\"name\":\"Portada\",\"item\":\"https:\/\/sambach.art\/en\/home\/\"},{\"@type\":\"ListItem\",\"position\":2,\"name\":\"The company\"}]},{\"@type\":\"WebSite\",\"@id\":\"https:\/\/sambach.art\/#website\",\"url\":\"https:\/\/sambach.art\/\",\"name\":\"Sambach\",\"description\":\"Generamos espect\u00e1culos multisensoriales fusionando el folclore brasilero y Bach\",\"publisher\":{\"@id\":\"https:\/\/sambach.art\/#organization\"},\"potentialAction\":[{\"@type\":\"SearchAction\",\"target\":{\"@type\":\"EntryPoint\",\"urlTemplate\":\"https:\/\/sambach.art\/?s={search_term_string}\"},\"query-input\":{\"@type\":\"PropertyValueSpecification\",\"valueRequired\":true,\"valueName\":\"search_term_string\"}}],\"inLanguage\":\"en-US\"},{\"@type\":\"Organization\",\"@id\":\"https:\/\/sambach.art\/#organization\",\"name\":\"Sambach\",\"url\":\"https:\/\/sambach.art\/\",\"logo\":{\"@type\":\"ImageObject\",\"inLanguage\":\"en-US\",\"@id\":\"https:\/\/sambach.art\/#\/schema\/logo\/image\/\",\"url\":\"https:\/\/sambach.art\/wp-content\/uploads\/2024\/08\/sambach_compania-espectaculos-conciertos_musica-fusion-folclore-brasileno-bach_barcelona-espana_logo.png\",\"contentUrl\":\"https:\/\/sambach.art\/wp-content\/uploads\/2024\/08\/sambach_compania-espectaculos-conciertos_musica-fusion-folclore-brasileno-bach_barcelona-espana_logo.png\",\"width\":1080,\"height\":1080,\"caption\":\"Sambach\"},\"image\":{\"@id\":\"https:\/\/sambach.art\/#\/schema\/logo\/image\/\"},\"sameAs\":[\"https:\/\/www.facebook.com\/sambachritual\/?locale=es_ES\"]}]}<\/script>\n<!-- \/ Yoast SEO plugin. -->","yoast_head_json":{"title":"The company - Sambach","robots":{"index":"index","follow":"follow","max-snippet":"max-snippet:-1","max-image-preview":"max-image-preview:large","max-video-preview":"max-video-preview:-1"},"canonical":"https:\/\/sambach.art\/en\/who-are-we\/","og_locale":"en_US","og_type":"article","og_title":"The company - Sambach","og_description":"Who are we? SAMBACH We are a company that creates interdisciplinary shows with music at the center. Our starting point is the fusion of Brazilian folklore with the work of Johann Sebastian Bach. Here you have our principles, we love them very much, they make us unique and without them we would not be who [&hellip;]","og_url":"https:\/\/sambach.art\/en\/who-are-we\/","og_site_name":"Sambach","article_publisher":"https:\/\/www.facebook.com\/sambachritual\/?locale=es_ES","article_modified_time":"2025-01-28T20:57:06+00:00","og_image":[{"url":"https:\/\/sambach.art\/wp-content\/uploads\/2024\/10\/sambach_compania-espectaculos-conciertos_musica-fusion-folclore-brasileno-bach_barcelona-espana_logo_v2.jpg","type":"","width":"","height":""}],"twitter_card":"summary_large_image","twitter_misc":{"Est. reading time":"5 minutes"},"schema":{"@context":"https:\/\/schema.org","@graph":[{"@type":"WebPage","@id":"https:\/\/sambach.art\/en\/who-are-we\/","url":"https:\/\/sambach.art\/en\/who-are-we\/","name":"The company - Sambach","isPartOf":{"@id":"https:\/\/sambach.art\/#website"},"primaryImageOfPage":{"@id":"https:\/\/sambach.art\/en\/who-are-we\/#primaryimage"},"image":{"@id":"https:\/\/sambach.art\/en\/who-are-we\/#primaryimage"},"thumbnailUrl":"https:\/\/sambach.art\/wp-content\/uploads\/2024\/10\/sambach_compania-espectaculos-conciertos_musica-fusion-folclore-brasileno-bach_barcelona-espana_logo_v2.jpg","datePublished":"2024-08-26T10:52:08+00:00","dateModified":"2025-01-28T20:57:06+00:00","breadcrumb":{"@id":"https:\/\/sambach.art\/en\/who-are-we\/#breadcrumb"},"inLanguage":"en-US","potentialAction":[{"@type":"ReadAction","target":["https:\/\/sambach.art\/en\/who-are-we\/"]}]},{"@type":"ImageObject","inLanguage":"en-US","@id":"https:\/\/sambach.art\/en\/who-are-we\/#primaryimage","url":"https:\/\/sambach.art\/wp-content\/uploads\/2024\/10\/sambach_compania-espectaculos-conciertos_musica-fusion-folclore-brasileno-bach_barcelona-espana_logo_v2.jpg","contentUrl":"https:\/\/sambach.art\/wp-content\/uploads\/2024\/10\/sambach_compania-espectaculos-conciertos_musica-fusion-folclore-brasileno-bach_barcelona-espana_logo_v2.jpg"},{"@type":"BreadcrumbList","@id":"https:\/\/sambach.art\/en\/who-are-we\/#breadcrumb","itemListElement":[{"@type":"ListItem","position":1,"name":"Portada","item":"https:\/\/sambach.art\/en\/home\/"},{"@type":"ListItem","position":2,"name":"The company"}]},{"@type":"WebSite","@id":"https:\/\/sambach.art\/#website","url":"https:\/\/sambach.art\/","name":"Sambach","description":"Generamos espect\u00e1culos multisensoriales fusionando el folclore brasilero y Bach","publisher":{"@id":"https:\/\/sambach.art\/#organization"},"potentialAction":[{"@type":"SearchAction","target":{"@type":"EntryPoint","urlTemplate":"https:\/\/sambach.art\/?s={search_term_string}"},"query-input":{"@type":"PropertyValueSpecification","valueRequired":true,"valueName":"search_term_string"}}],"inLanguage":"en-US"},{"@type":"Organization","@id":"https:\/\/sambach.art\/#organization","name":"Sambach","url":"https:\/\/sambach.art\/","logo":{"@type":"ImageObject","inLanguage":"en-US","@id":"https:\/\/sambach.art\/#\/schema\/logo\/image\/","url":"https:\/\/sambach.art\/wp-content\/uploads\/2024\/08\/sambach_compania-espectaculos-conciertos_musica-fusion-folclore-brasileno-bach_barcelona-espana_logo.png","contentUrl":"https:\/\/sambach.art\/wp-content\/uploads\/2024\/08\/sambach_compania-espectaculos-conciertos_musica-fusion-folclore-brasileno-bach_barcelona-espana_logo.png","width":1080,"height":1080,"caption":"Sambach"},"image":{"@id":"https:\/\/sambach.art\/#\/schema\/logo\/image\/"},"sameAs":["https:\/\/www.facebook.com\/sambachritual\/?locale=es_ES"]}]}},"_links":{"self":[{"href":"https:\/\/sambach.art\/en\/wp-json\/wp\/v2\/pages\/608","targetHints":{"allow":["GET"]}}],"collection":[{"href":"https:\/\/sambach.art\/en\/wp-json\/wp\/v2\/pages"}],"about":[{"href":"https:\/\/sambach.art\/en\/wp-json\/wp\/v2\/types\/page"}],"author":[{"embeddable":true,"href":"https:\/\/sambach.art\/en\/wp-json\/wp\/v2\/users\/1"}],"replies":[{"embeddable":true,"href":"https:\/\/sambach.art\/en\/wp-json\/wp\/v2\/comments?post=608"}],"version-history":[{"count":29,"href":"https:\/\/sambach.art\/en\/wp-json\/wp\/v2\/pages\/608\/revisions"}],"predecessor-version":[{"id":1308,"href":"https:\/\/sambach.art\/en\/wp-json\/wp\/v2\/pages\/608\/revisions\/1308"}],"wp:attachment":[{"href":"https:\/\/sambach.art\/en\/wp-json\/wp\/v2\/media?parent=608"}],"curies":[{"name":"wp","href":"https:\/\/api.w.org\/{rel}","templated":true}]}}